{"id":362,"date":"2016-07-01T20:33:51","date_gmt":"2016-07-01T18:33:51","guid":{"rendered":"http:\/\/lafrancaise.paris\/en\/panier\/"},"modified":"2016-07-01T20:33:51","modified_gmt":"2016-07-01T18:33:51","slug":"panier","status":"publish","type":"page","link":"http:\/\/www.lafrancaise.paris\/en\/panier\/","title":{"rendered":"Panier"},"content":{"rendered":"<div class=\"woocommerce\">\n\n<div class=\"cart-empty empty-cart-block\">\n\t<i class=\"icon-shopping-cart\"><\/i>\n\t\n\t<h2>Panier vide<\/h2>\r\n<p>Nous n'avez pas encore ajout\u00e9 de poup\u00e9es \u00e0 votre panier<\/p>\t\n\n\t\t\t<p><a class=\"btn active big filled\" href=\"http:\/\/www.lafrancaise.paris\/en\/shop\/\"><span>Return To Shop<\/span><\/a><\/p>\n\n\t\t\n\t\n<\/div><\/div>\n","protected":false},"excerpt":{"rendered":"Panier vide Nous n'avez pas encore ajout\u00e9 de poup\u00e9es \u00e0 votre panier Return To Shop","protected":false},"author":1,"featured_media":0,"parent":0,"menu_order":20,"comment_status":"closed","ping_status":"closed","template":"","meta":[],"_links":{"self":[{"href":"http:\/\/www.lafrancaise.paris\/en\/wp-json\/wp\/v2\/pages\/362"}],"collection":[{"href":"http:\/\/www.lafrancaise.paris\/en\/wp-json\/wp\/v2\/pages"}],"about":[{"href":"http:\/\/www.lafrancaise.paris\/en\/wp-json\/wp\/v2\/types\/page"}],"author":[{"embeddable":true,"href":"http:\/\/www.lafrancaise.paris\/en\/wp-json\/wp\/v2\/users\/1"}],"replies":[{"embeddable":true,"href":"http:\/\/www.lafrancaise.paris\/en\/wp-json\/wp\/v2\/comments?post=362"}],"version-history":[{"count":0,"href":"http:\/\/www.lafrancaise.paris\/en\/wp-json\/wp\/v2\/pages\/362\/revisions"}],"wp:attachment":[{"href":"http:\/\/www.lafrancaise.paris\/en\/wp-json\/wp\/v2\/media?parent=362"}],"curies":[{"name":"wp","href":"https:\/\/api.w.org\/{rel}","templated":true}]}}